{"id":214,"date":"2016-03-23T10:27:04","date_gmt":"2016-03-23T09:27:04","guid":{"rendered":"http:\/\/eys-workcamp.de\/?page_id=214"},"modified":"2026-01-07T15:51:44","modified_gmt":"2026-01-07T14:51:44","slug":"aktive-ehrenamtliche","status":"publish","type":"page","link":"https:\/\/eys-workcamp.de\/en\/aktive-ehrenamtliche\/","title":{"rendered":"Volunteers"},"content":{"rendered":"<p><strong><span style=\"color: #ff0000;\">Volunteers 2024-2026<br \/>\n<\/span><\/strong>EYS volunteers are young people from different parts of Germany and from abroad. They are very different people with distinct experiences and talents. The work of EYS drives with their personal dedication.<\/p>\n<div class=\"txt\">\n<p><span style=\"color: #ff0000;\"><strong>ESC-Volunteers<br \/>\n<\/strong><span style=\"color: #333333;\">Phillip Ghattas (Egypt)<\/span><br \/>\n<span style=\"color: #333333;\"><span class=\"txtb\">Degree studies<\/span> &#8220;Medizin&#8221;<\/span><br \/>\n<span style=\"color: #333333;\">Teamer 2025<\/span><br \/>\n<span style=\"color: #333333;\">ESC-Volunteer 2025<\/span><\/span><\/p>\n<p>Milica Samac (Serbia)<br \/>\n<span style=\"color: #ff0000;\"><span class=\"txtb\"><span style=\"color: #333333;\">German studies\u00a0<\/span><\/span><\/span><br \/>\nTeamer 2017-2019+2021-2023<br \/>\nESC-Volunteer 2024<\/p>\n<p><span style=\"color: #ff0000;\"><strong><span class=\"txtb\">Teamer and other active volunteers<br \/>\n<\/span><\/strong><\/span><span style=\"color: #333333;\">Adele Allione (Italy)<\/span><br \/>\n<span style=\"color: #333333;\"><span class=\"txtb\">Degree studies &#8220;Education Study&#8221;<\/span><\/span><br \/>\n<span style=\"color: #333333;\">Teamer 2026<\/span><\/p>\n<p><span style=\"color: #333333;\">Irene Sebastian Cortes (Spain)<\/span><br \/>\n<span style=\"color: #ff0000;\"><span style=\"color: #333333;\"><span class=\"txtb\">Degree studies<\/span> &#8220;Medizin&#8221;<\/span><\/span><br \/>\n<span style=\"color: #333333;\">Teamer 2026<\/span><\/p>\n<p>M\u00e1t\u00e9 Dolhai (Hungary)<br \/>\nDegree studies &#8220;Psychology &#8211; Economics&#8221;<br \/>\nTeamer 2022-2025<\/p>\n<p>Julia Ferrer (Spain)<br \/>\nDegree studies &#8220;Fine Arts&#8221;<br \/>\nTeamer 2024-2026<\/p>\n<p><span style=\"color: #333333;\">Lili Habich (Germany)<\/span><br \/>\nGrammarschool<br \/>\n<span style=\"color: #333333;\">Teamer 2026<\/span><\/p>\n<p><span style=\"color: #333333;\">Imre Hud\u00e1csk\u00f3 (Hungary)<\/span><br \/>\nGrammarschool<br \/>\n<span style=\"color: #333333;\">Teamer 2026<\/span><\/p>\n<p><span style=\"color: #333333;\">Martina Janotkov\u00e1 (Slovakia)<\/span><br \/>\n<span style=\"color: #333333;\">Degree studies &#8220;Civil Engeneering&#8221;<\/span><br \/>\n<span style=\"color: #333333;\">Teamer 2025+2026<\/span><\/p>\n<div class=\"txt\">\n<p>Anna-Theresa Klante (Germany)<br \/>\nEducationist\/Social Worker<br \/>\nTeamer 2013-2016\/2018<br \/>\nMember of EYS-Advisory Board from 2017 till today<\/p>\n<p>Hanna Kozs\u00e1n (Hungary)<br \/>\nDegree studies &#8220;Tourism and Hospitality&#8221;<br \/>\nTeamer 2024+2025<\/p>\n<p>Nadine Krings (Germany)<br \/>\nDegree studies &#8220;Landscape architecture&#8221;<br \/>\nTeamer 2022-2025<\/p>\n<p>Bernd Liedtke (Germany)<br \/>\nSoftware developer<br \/>\nRetired pastor<br \/>\n2022-2025<\/p>\n<p><span style=\"color: #333333;\">Aina Serra Linacero (Spain)<br \/>\n<\/span><span style=\"color: #333333;\">Degree studies &#8220;Engineering of Renewable Energy&#8221;<\/span><br \/>\n<span style=\"color: #333333;\">Teamer 2025+2026<\/span><\/p>\n<p>Selma Lorenz (Germany)<br \/>\nUniversity of Applied Sciences &#8220;Health and Social Work&#8221;<br \/>\nTeamer 2024-2026<\/p>\n<p><span style=\"color: #333333;\">Manuel Aparici Mart\u00edn (Spain)<\/span><br \/>\n<span style=\"color: #333333;\">Degree studies &#8220;Telecom Engineering&#8221;<\/span><br \/>\n<span style=\"color: #333333;\">Teamer 2026<\/span><\/p>\n<p><span style=\"color: #333333;\">Rodrigo Jim\u00e9nez Mu\u00f1oz (Spain)<\/span><br \/>\n<span style=\"color: #333333;\">Degree studies &#8220;Computer Science&#8221;<\/span><br \/>\n<span style=\"color: #333333;\">Teamer 2026<\/span><\/p>\n<p>B\u00e1lint N\u00e1tr\u00e1n (Hungary)<br \/>\nDegree studies &#8220;Information Technology&#8221;<br \/>\nTeamer 2021-2024<\/p>\n<p><span style=\"color: #333333;\">Peshawa Hasanzade (Germany\/Iran)<\/span><br \/>\nPupil<br \/>\n<span style=\"color: #333333;\">Teamer 2026<\/span><\/p>\n<\/div>\n<div class=\"txt\">\n<p>Ellen Reinert (Germany)<br \/>\nChild Care Worker<br \/>\nTeamer 2012\/2013<br \/>\nBirthday Angel 2013-till today<\/p>\n<p><span style=\"color: #333333;\">Franca Schoor (Germany)<\/span><br \/>\nVoluntary Cultural Year<br \/>\n<span style=\"color: #333333;\">Teamer 2025<\/span><\/p>\n<p>Ernesto Villanueva (Spain)<br \/>\nDegree studies &#8220;Economics&#8221;<br \/>\nTeamer 2024+2025<\/p>\n<p><span style=\"color: #333333;\">Katharina Von Schierstedt (Germany)<\/span><br \/>\n<span style=\"color: #333333;\">Degree studies &#8220;Physik&#8221;<\/span><br \/>\n<span style=\"color: #333333;\">Teamer 2026<\/span><\/p>\n<p><span style=\"color: #333333;\">Inga Wojciechowska (Germany\/Poland<span style=\"font-size: 1.5rem;\">)<br \/>\nDegree studies &#8220;American Studies&#8221;<br \/>\nTeamer 2025<\/span><\/span><\/p>\n<p><span style=\"color: #333333;\">Kateryna Zarudna (Ukraine)<\/span><br \/>\n<span style=\"color: #333333;\">Degree studies &#8220;Energy Saving&#8221;<\/span><br \/>\n<span style=\"color: #333333;\">Teamer 2026<\/span><\/p>\n<\/div>\n<\/div>\n","protected":false},"excerpt":{"rendered":"<p>Volunteers 2024-2026 EYS volunteers are young people from different parts of Germany and from abroad. They are very different people with distinct experiences and talents. The work of EYS drives with their personal dedication. ESC-Volunteers Phillip Ghattas (Egypt) Degree studies <a class=\"more-link\" href=\"https:\/\/eys-workcamp.de\/en\/aktive-ehrenamtliche\/\">weiterlesen&#8230;<\/a><\/p>\n","protected":false},"author":4,"featured_media":2309,"parent":0,"menu_order":0,"comment_status":"closed","ping_status":"closed","template":"","meta":{"footnotes":""},"class_list":["post-214","page","type-page","status-publish","has-post-thumbnail","hentry"],"_links":{"self":[{"href":"https:\/\/eys-workcamp.de\/en\/wp-json\/wp\/v2\/pages\/214"}],"collection":[{"href":"https:\/\/eys-workcamp.de\/en\/wp-json\/wp\/v2\/pages"}],"about":[{"href":"https:\/\/eys-workcamp.de\/en\/wp-json\/wp\/v2\/types\/page"}],"author":[{"embeddable":true,"href":"https:\/\/eys-workcamp.de\/en\/wp-json\/wp\/v2\/users\/4"}],"replies":[{"embeddable":true,"href":"https:\/\/eys-workcamp.de\/en\/wp-json\/wp\/v2\/comments?post=214"}],"version-history":[{"count":114,"href":"https:\/\/eys-workcamp.de\/en\/wp-json\/wp\/v2\/pages\/214\/revisions"}],"predecessor-version":[{"id":7335,"href":"https:\/\/eys-workcamp.de\/en\/wp-json\/wp\/v2\/pages\/214\/revisions\/7335"}],"wp:featuredmedia":[{"embeddable":true,"href":"https:\/\/eys-workcamp.de\/en\/wp-json\/wp\/v2\/media\/2309"}],"wp:attachment":[{"href":"https:\/\/eys-workcamp.de\/en\/wp-json\/wp\/v2\/media?parent=214"}],"curies":[{"name":"wp","href":"https:\/\/api.w.org\/{rel}","templated":true}]}}