{"id":217,"date":"2016-03-23T10:36:45","date_gmt":"2016-03-23T09:36:45","guid":{"rendered":"http:\/\/eys-workcamp.de\/?page_id=217"},"modified":"2026-01-07T16:05:27","modified_gmt":"2026-01-07T15:05:27","slug":"ehemalige-ehrenamtliche","status":"publish","type":"page","link":"https:\/\/eys-workcamp.de\/en\/ehemalige-ehrenamtliche\/","title":{"rendered":"Former Volunteers"},"content":{"rendered":"<p><strong><span style=\"color: #ff0000;\">Former volunteers of EYS 1998 &#8211; 2022<\/span><\/strong><\/p>\n<p><span style=\"color: #ff0000;\"><strong>A<\/strong><\/span><br \/>\nAnna Alles (Germany)<br \/>\nTeamer 2006<\/p>\n<p>Mohammed Portuondo Alvarez (Germany)<br \/>\nTeamer 2001-2005<br \/>\nGraphics, Layout, Design 2005 &#8211; 2019<\/p>\n<p><span style=\"color: #ff0000;\"><strong>B<\/strong><\/span><br \/>\nGabriel Babal (Slovakia)<br \/>\nTeamer 2007-2011<\/p>\n<p>Marcel Babal (Solvakia)<br \/>\nTeamer 2019<\/p>\n<p>Julia B\u00e4r (Germany)<br \/>\nTeamer 2019<\/p>\n<p>Ewelina Baranska (Poland)<br \/>\nTeamer 2012<\/p>\n<p>Olaf Barski (Poland)<br \/>\nTeamer 2023<\/p>\n<p>Maija Bazenova (Latvia)<br \/>\nTeamer 2004-2006<\/p>\n<p>Sebastian Beer (Germany)<br \/>\nTeamer 2012\/2013<\/p>\n<p>Mario Bejarano (Spain)<br \/>\nTeamer 2021+2022<\/p>\n<p>Agnieszka Bie\u0144 (Poland)<br \/>\nCamp-Video 2015\/2016\/2017<\/p>\n<p>Angelika Biszkowska (Poland)<br \/>\nTeamer 2005\/2006<\/p>\n<p>Christian Bitterlich (Germany)<br \/>\nTeamer 2004\/2005\/2006\/2008<\/p>\n<p>Marta Borkowska (Poland)<br \/>\nTeamer 2007\/2008<\/p>\n<p>Pavlina Brazdova (Czech Republic)<br \/>\nTeamer 2011<\/p>\n<p>Christoph Braun (Germany)<br \/>\nTeamer 2012<\/p>\n<p>Luise Braun (Germany)<br \/>\nTeamer 2008\/2009<br \/>\nCamp Mentoring 2011\/2012<br \/>\nBirthdaycard Writer 2011-2013<\/p>\n<p>Almut Bretschneider (Germany)<br \/>\nTeamer 2014<\/p>\n<p>Michael Bursch (Germany)<br \/>\nTeamer 1999<\/p>\n<p><span style=\"color: #ff0000;\"><strong>D<\/strong><\/span><br \/>\nFriederike Danz (Germany)<br \/>\nTeamer 2002\/2003<\/p>\n<p>Asta Dumbrauskaite (Lithuania)<br \/>\nTeamer 2013<\/p>\n<p><span style=\"color: #ff0000;\"><strong>E<\/strong><\/span><br \/>\nDorothea Engelhardt (Germany)<br \/>\nTeamer 2010-2012<\/p>\n<p>Elisabeth Engelhardt (Germany)<br \/>\nTeamer 2012-2014<\/p>\n<p>Heike Epping (Germany)<br \/>\nTeamer 2008\/2009<\/p>\n<p>Maren Esdar (Germany)<br \/>\nTeamer 2008\/2010<\/p>\n<p><span style=\"color: #ff0000;\"><strong>F<\/strong><\/span><br \/>\nKerstin Feldmann (Germany)<br \/>\nTeamer 2010<\/p>\n<p>Carmen Fritz (Germany)<br \/>\nTeamer 2013\/2014<\/p>\n<p><span style=\"color: #ff0000;\"><strong>G<br \/>\n<\/strong><\/span>Monika Gaalova (Slovakia)<br \/>\nTeamer 2016-2018<\/p>\n<p>Hennie Gariseb (Namibia)<br \/>\nTeamer 2013\/2014<\/p>\n<p>Thomas Gelzh\u00e4user (Germany)<br \/>\nTeamer 2001\/2003\/2004<br \/>\nDeveloping EYS-Website in 2005<\/p>\n<p>Julia Gl\u00fcck (Germany)<br \/>\nTeamer 2011\/2012<\/p>\n<p>Alexander Gnauck (Germany)<br \/>\nTeamer 2005-2009<\/p>\n<p>Martin Graf (Germany)<br \/>\nTeamer 2006<\/p>\n<p>Sonja Graf (Ukraine)<br \/>\nTeamer 2009\/2011<\/p>\n<p>Eliza Grala (Poland)<br \/>\nTeamer 2002\/2003\/2005\/2007<\/p>\n<p>Louisa Annabell Gr\u00f6ger (Germany)<br \/>\nTeamer 2013<\/p>\n<p>Agnese Gudele (Latvia)<br \/>\nTeamer 2004\/2005<\/p>\n<p>Angelika G\u00fcnther (Germany)<br \/>\nTeamerin 1998\/1999<\/p>\n<p>Alejandro Guti\u00e9rrez Ant\u00f3n (Spain)<br \/>\nTeamer 2020+2022<\/p>\n<p><span style=\"color: #ff0000;\"><strong>H<br \/>\n<\/strong><\/span>Martin H\u00e4rtel (Germany)<br \/>\nTeamer 2007\/2009\/2011<br \/>\nCamp-Mentor 2011\/2012\/2013\/2014<br \/>\nMember of EYS-Advisory Board from 2011 till 2022<\/p>\n<p>Jan Haluska (Slovakia)<br \/>\nTeamer 2013\/2014<\/p>\n<p>Carsten Hankel (Germany)<br \/>\nTeamer 1999\/2000\/2001\/2003<\/p>\n<p>Lara Hanssen (Netherlands)<br \/>\nTeamer 1999<\/p>\n<p>Ronny Haufschild (Germany)<br \/>\nTeamer 1999-2003<\/p>\n<p>Marie Hausmann (Germany)<br \/>\nTeamer 2014<\/p>\n<p>Linda Hecker (Germany)<br \/>\nTeamer 2006<\/p>\n<p>Greta Hettich (Germany)<br \/>\nTeamer 2010<\/p>\n<p>Markus Heydenreich (Germany)<br \/>\nTeamer 1998\/2001\/2002\/2003<\/p>\n<p>Rebecca Hinzmann (Germany)<br \/>\nTeamer 2007<\/p>\n<p>Britta Hofmann (Germany)<br \/>\nTeamer 2011<\/p>\n<p>Celest\u00fdna Houdkov\u00e1 (Czech Republic)<br \/>\nTeamer 2014\/2015<\/p>\n<p>Peter Hugl (Hungary)<br \/>\nTeamer 2015<\/p>\n<p><span style=\"color: #ff0000;\"><strong>I<br \/>\n<\/strong><\/span>Nikolai Ialovega (Ukraine)<br \/>\nTeamer 2016-2018<\/p>\n<p><span style=\"color: #ff0000;\"><strong>J<\/strong><\/span><br \/>\nDebora Janson (Germany)<br \/>\nTeamer 2008\/2009\/2011<\/p>\n<p>Birgit Jaskolla (Germany)<br \/>\nTeamer 2001-2003<\/p>\n<p><span style=\"color: #ff0000;\"><strong>K<\/strong><\/span><br \/>\nLisa Kaltenbrunner (Germany)<br \/>\nTeamer 2013<\/p>\n<p>Carolin Kaus (Germany)<br \/>\nTeamer 2005<\/p>\n<p>Hanna Kavaliova (Belarus)<br \/>\nTeamer 2015<\/p>\n<p>Vera Kirchesch (Germany)<br \/>\nTeamer 2004<\/p>\n<p>Clemens Klante (Germany)<br \/>\nTeamer 2013-2016<br \/>\nCamp-Video 2016-2018<\/p>\n<p>Lea Kl\u00f6ber (Germany)<br \/>\nTeamer 2019+2024<\/p>\n<p>Paula Koch (Germany)<br \/>\nTeamer 2011\/2012<\/p>\n<p>J\u00f6rdis K\u00f6hler (Germany)<br \/>\nTeamer 2000<\/p>\n<p>Carolina K\u00f6nitzer (Germany)<br \/>\nFSJ EYS 2006\/2007<br \/>\nTeamer 2006\/2007<\/p>\n<p>Lisa Kohn (Germany)<br \/>\nTeamer 2014-2019+2021<\/p>\n<p>Lucie Kovarova (Czech Republic)<br \/>\nTeamer 2005<\/p>\n<p>Piotr Krawczykowski (Poland)<br \/>\nTeamer 2017<\/p>\n<p>Freya Kr\u00f6ger (Germany)<br \/>\nTeamer 2012\/2013<\/p>\n<p>Corinna Kuhnt (Germany)<br \/>\nTeamer 2000\/2002\/2003<\/p>\n<p>Luise Kuhnt (Germany)<br \/>\nTeamer 2009\/2010<\/p>\n<p>Lydia K\u00fcgler (Germany)<br \/>\nTeamer 2015<\/p>\n<p><span style=\"color: #ff0000;\"><strong>L<\/strong><\/span><br \/>\nSara Laborda (Spain)<br \/>\nTeamer 2014<\/p>\n<p>Anja Landenberger (Germany)<br \/>\nTeamer 2008<\/p>\n<p>Melissa Leck (Germany)<br \/>\nTeamer 2012<\/p>\n<p>Alexander Lichkaty (Ukraine)<br \/>\nTeamer 2006<\/p>\n<p>Matthias Liebelt (Germany)<br \/>\nTeamer 2006\/2008<\/p>\n<p>Evita Lo\u010dmele (Latvia)<br \/>\nTeamer 2016\/2017<\/p>\n<p>Georg L\u00f6hr (Germany)<br \/>\nTeamer 1998-2006\/2008-2010<\/p>\n<p>Mario Lorenz (Germany)<br \/>\nTeamer 1998-2002<br \/>\nWebmaster der EYS-Website till 2016<br \/>\nForm-Designer 2002 bis 2017<\/p>\n<p>Tim L\u00fcddemann (Germany)<br \/>\nTeamer 2009<\/p>\n<p>Paul Georg Lux (Germany)<br \/>\nTeamer 2019<\/p>\n<p><span style=\"color: #ff0000;\"><strong>M<br \/>\n<\/strong><span style=\"color: #333333;\">Lili Major (Hungary)<\/span><br \/>\n<span style=\"color: #333333;\">Teamer 2023<\/span><\/span><\/p>\n<p>Stefanie Mallow (Germany)<br \/>\nTeamer 2013<\/p>\n<p>Zsolt Maschek (Hungary)<br \/>\nTeamer 2015\/2016\/2017<\/p>\n<p>Jana Menke (Germany)<br \/>\nTeamer 2010<\/p>\n<p>Mandy Merkel (Germany)<br \/>\nTeamer 2008<\/p>\n<p>Lili Mester (Hungary)<br \/>\nTeamer 2019+2022<\/p>\n<p>L\u00e1z\u00e1r M\u00e9sz\u00e1ros (Hungary)<br \/>\nTeamer 2024<\/p>\n<p>M\u00e1ty\u00e1s M\u00e9sz\u00e1ros (Hungary)<br \/>\nTeamer 2021-2024<\/p>\n<p>Leila Meyer (Germany)<br \/>\nTeamerin 1999\/2000\/2002<\/p>\n<p>Pavol Miklik (Slovakia)<br \/>\nTeamer 2005<\/p>\n<p>Monika Miszczuk (Poland)<br \/>\nTeamer 2013\/2015<\/p>\n<p>Martin Mittrenga (Germany)<br \/>\nTeamer 2021+2022<\/p>\n<p>Ulrike Mogwitz (Germany)<br \/>\nTeamer 2007<\/p>\n<p>Przemyslaw Morz (Poland)<br \/>\nTeamer 2005\/2006<\/p>\n<p><span style=\"color: #ff0000;\"><strong>N<br \/>\n<\/strong><\/span>Nikolett N\u00e1tr\u00e1n (Hungary)<br \/>\nTeamer 2017<\/p>\n<p>Michal Navr\u00e1til (Czech Republic)<br \/>\nTeamer 2015\/2016\/2017\/2018<\/p>\n<p>Barbora Nemetz (Austria)<br \/>\nTeamer 1999<\/p>\n<p>Kerstin Neubert (Germany)<br \/>\nTeamer 2001\/2002\/2003\/2005<\/p>\n<p>Andreas Noack (Germany)<br \/>\nTeamer 1998<\/p>\n<p>Elena Novozhilova (Russia)<br \/>\nTeamer 2011<\/p>\n<p><span style=\"color: #ff0000;\"><strong>O<\/strong><\/span><br \/>\nMaria Oertel (Germany)<br \/>\nTeamer 2007-2009<br \/>\nCamp-Mentoring 2011\/2012<\/p>\n<p>Sebastian Oertel (Germany)<br \/>\nTeamer 2004\/2006<\/p>\n<p>Barnab\u00e1s Ol\u00e1h (Hungary)<br \/>\nTeamer 2018-2022<\/p>\n<p><span style=\"color: #ff0000;\"><strong>P<br \/>\n<\/strong><\/span>Zs\u00f3fia Pap (Hungary)<br \/>\nTeamer 2019\/2020<\/p>\n<p>Dorothea Pappe (Germany)<br \/>\nTeamer 2018\/2019<\/p>\n<p>Elzbieta Pawlas (Poland)<br \/>\nTeamer 2013\/2014<\/p>\n<p>Oliver Peim (Germany)<br \/>\nTeamer 2015<\/p>\n<p>Theresa Peim (Germany)<br \/>\nTeamer 2016<\/p>\n<p>Silvia Peplinski (Poland)<br \/>\nTeamer 2008<\/p>\n<p>Andreas Pfaff (Germany)<br \/>\nTeamer 1998-2000<\/p>\n<p>Malgorzata Piotrowska (Poland)<br \/>\nTeamer 2013<\/p>\n<p>Ania Pogorzelska (Poland)<br \/>\nTeamer 2002<\/p>\n<p>Michael Pommer (Germany)<br \/>\nTeamer 2005\/2006<\/p>\n<p><span style=\"color: #ff0000;\"><strong>R<br \/>\n<\/strong><\/span>Viktor Rabl (Hungary)<br \/>\nTeamer 2015<\/p>\n<p>Lina Roggenkamp (Germany)<br \/>\nTeamer 2009<\/p>\n<p>Jule Roschewsky (Germany)<br \/>\nTeamer 2011<\/p>\n<p>Andr\u00e9 Rotter (Germany)<br \/>\nTeamer 1998<\/p>\n<p>Marcin Rurec (PL)<br \/>\nTeamer 2003<\/p>\n<p><span style=\"color: #ff0000;\"><strong>S<\/strong><\/span><br \/>\nStephanie Sack (Germany)<br \/>\nTeamer 2013<\/p>\n<p>Stefanie Sa\u00df (Germany)<br \/>\nTeamer 2011<\/p>\n<p>Nora Scherer (Germany)<br \/>\nTeamer 2012<\/p>\n<p>Hendrik Schneider (Germany)<br \/>\nTeamer 2006<\/p>\n<p>Anna Charlotte Sch\u00f6ne (Germany)<br \/>\nTeamer 2004<\/p>\n<p>Jana Schreiber (Germany)<br \/>\nTeamer 2012<\/p>\n<p>Katharina Schuldt (Germany)<br \/>\nTeamer 2001\/2002\/2003\/2006<\/p>\n<p>Daniel Seidler (Germany)<br \/>\nTeamer 2005-2007<\/p>\n<p>Olexandr Skurlov (Ukraine)<br \/>\nTeamer 2004-2006<\/p>\n<p>Stepanka Sobeslavska (Czech Republic)<br \/>\nTeamer 2004\/2006\/2007<\/p>\n<p>Magdalena Sobkowicz (Poland)<br \/>\nTeamer 2014<\/p>\n<p>Ines Stankewitz (Germany)<br \/>\nTeamer 2012<\/p>\n<p>Rosanna Steyer (Germany)<br \/>\nTeamer 2014<\/p>\n<p>Angela Strauss (Germany)<br \/>\nTeamer 2000-2002<\/p>\n<p>Maciej Szcesny (Poland)<br \/>\nTeamer 2013 till 2018<\/p>\n<p>Martin Szcesny (Poland)<br \/>\nTeamer 2011 till\u00a02017<\/p>\n<p>Aliz Szekeres (Hungary)<br \/>\nTeamer 2018\/2019+2021+2022<\/p>\n<p>Gosia Szkudlarek (Poland)<br \/>\nTeamer 2002\/2003<\/p>\n<p><span style=\"color: #ff0000;\"><strong>T<\/strong><\/span><br \/>\nAnne Taufertsh\u00f6fer (Germany)<br \/>\nTeamer 2009<\/p>\n<p>Anna Tenberg (Germany)<br \/>\nTeamer 2011<\/p>\n<p>Nina Thebud (Germany)<br \/>\nTeamer 2011\/2012\/2014\/2017<\/p>\n<p>Frauke Th\u00f6rner (Germany)<br \/>\nTeamer 2008\/2009<\/p>\n<p>Lena Th\u00f6rner (Germany)<br \/>\nTeamer 2007\/2008\/2010\/2012<br \/>\nTranslation of \u00d6JD Website texts<br \/>\nMember in \u00d6JD Advisory Board from 2011 till 2016<\/p>\n<p>Imke Thyrolph (Germany)<br \/>\nTeamer 2001<\/p>\n<p>Maria Lena Tucholski (Germany)<br \/>\nTeamer Family Camp 2010<\/p>\n<p><strong><span style=\"color: #ff0000;\">U<\/span><\/strong><br \/>\nGabija Ulinskaite (Lithuania)<br \/>\nTeamer 2019+2021+2022<\/p>\n<p><span style=\"color: #ff0000;\"><strong>V<br \/>\n<\/strong><span style=\"color: #333333;\">Zsolt Bence Veidinger (Germany\/Hungary)<\/span><br \/>\n<span style=\"color: #333333;\">Teamer 2018-2020+2022<\/span><\/span><\/p>\n<p><span style=\"color: #ff0000;\"><span style=\"color: #333333;\">Nuria Villar (Spain)<\/span><br \/>\n<span style=\"color: #333333;\">Teamer 2020+2022<\/span><\/span><\/p>\n<p>Sophie Voigt (Germany)<br \/>\nTeamer Family Camp 2010<\/p>\n<p><span style=\"color: #ff0000;\"><strong>W<\/strong><\/span><br \/>\nAnna Wagenknecht (Germany)<br \/>\nTeamer 2008<\/p>\n<p>Lisa Wagenknecht (Germany)<br \/>\nTeamer 2008<\/p>\n<p>Johanna Wallmann (Germany)<br \/>\nTeamer 2014<\/p>\n<p>Cornelia Welzel (Germany)<br \/>\nTeamer 2011<\/p>\n<p>Ann-Kristin Willner (Germany)<br \/>\nTeamer 2013\/2014<\/p>\n<p>Dorina Wittor (Germany)<br \/>\nTeamer 2007\/2008<\/p>\n<p>Lisa Wodinski (Germany)<br \/>\nTeamer 2015-2017<\/p>\n<p>Paulina Wojtowicz (Poland)<br \/>\nTeamer 2002<\/p>\n<p>Aila Wolff (Germany)<br \/>\nTeamer 2007\/2008<\/p>\n<p>Stephanie Wuttke (Germany)<br \/>\nTeamer 1998-2002<\/p>\n<p>Benjamin Wuttke (Germany)<br \/>\nTeamer 2005\/2008<\/p>\n<p><span style=\"color: #ff0000;\"><strong>Z<br \/>\n<\/strong><\/span>Bence Z\u00e1mb\u00f3 (Hungary)<br \/>\nTeamer 2016<\/p>\n<p>Kate\u0159ina Zapletalov\u00e1 (Czech Republic)<br \/>\nTeamer 2016<\/p>\n<p>Baiba Zarina (Latvia)<br \/>\nTeamer 2018<\/p>\n<p>Astrid Zepezauer (Germany)<br \/>\nTeamer 2011\/2012<\/p>\n<p>Ramona Zilm (Germany)<br \/>\nTeamer 2004<\/p>\n<p>Sigita Zosule (Latvia)<br \/>\nTeamer 2009<\/p>\n","protected":false},"excerpt":{"rendered":"<p>Former volunteers of EYS 1998 &#8211; 2022 A Anna Alles (Germany) Teamer 2006 Mohammed Portuondo Alvarez (Germany) Teamer 2001-2005 Graphics, Layout, Design 2005 &#8211; 2019 B Gabriel Babal (Slovakia) Teamer 2007-2011 Marcel Babal (Solvakia) Teamer 2019 Julia B\u00e4r (Germany) Teamer <a class=\"more-link\" href=\"https:\/\/eys-workcamp.de\/en\/ehemalige-ehrenamtliche\/\">weiterlesen&#8230;<\/a><\/p>\n","protected":false},"author":4,"featured_media":2327,"parent":0,"menu_order":0,"comment_status":"closed","ping_status":"closed","template":"","meta":{"footnotes":""},"class_list":["post-217","page","type-page","status-publish","has-post-thumbnail","hentry"],"_links":{"self":[{"href":"https:\/\/eys-workcamp.de\/en\/wp-json\/wp\/v2\/pages\/217"}],"collection":[{"href":"https:\/\/eys-workcamp.de\/en\/wp-json\/wp\/v2\/pages"}],"about":[{"href":"https:\/\/eys-workcamp.de\/en\/wp-json\/wp\/v2\/types\/page"}],"author":[{"embeddable":true,"href":"https:\/\/eys-workcamp.de\/en\/wp-json\/wp\/v2\/users\/4"}],"replies":[{"embeddable":true,"href":"https:\/\/eys-workcamp.de\/en\/wp-json\/wp\/v2\/comments?post=217"}],"version-history":[{"count":64,"href":"https:\/\/eys-workcamp.de\/en\/wp-json\/wp\/v2\/pages\/217\/revisions"}],"predecessor-version":[{"id":7337,"href":"https:\/\/eys-workcamp.de\/en\/wp-json\/wp\/v2\/pages\/217\/revisions\/7337"}],"wp:featuredmedia":[{"embeddable":true,"href":"https:\/\/eys-workcamp.de\/en\/wp-json\/wp\/v2\/media\/2327"}],"wp:attachment":[{"href":"https:\/\/eys-workcamp.de\/en\/wp-json\/wp\/v2\/media?parent=217"}],"curies":[{"name":"wp","href":"https:\/\/api.w.org\/{rel}","templated":true}]}}