{"id":3769,"date":"2021-02-10T14:02:38","date_gmt":"2021-02-10T13:02:38","guid":{"rendered":"https:\/\/eys-workcamp.de\/?page_id=3769"},"modified":"2024-11-26T14:01:49","modified_gmt":"2024-11-26T13:01:49","slug":"feys-beitritt-und-kontakt","status":"publish","type":"page","link":"https:\/\/eys-workcamp.de\/en\/feys-beitritt-und-kontakt\/","title":{"rendered":"Become a member, Donations, Contact"},"content":{"rendered":"<p><span style=\"color: #800080;\"><strong>Become a member of the Support Association of the Ecumenical Youth Services (EYS) e.V.<\/strong><\/span><br \/>\nIn order to fulfill the demands of the Support Association, we want to gain many active members. If you would like to become a member or donate to support the work of the EYS, please fill in the <a href=\"https:\/\/eys-workcamp.de\/wp-content\/uploads\/Beitrittsantrag_EnglStandApril2023-1.pdf\" target=\"_blank\" rel=\"noopener\">membership application <\/a>and send it as a scan either to <a href=\"mailto:FEYS@posteo.de\">feys@posteo.de<\/a> or by snail mail.<\/p>\n<p>There is also the possibility to submit the declaration of membership online: <a href=\"https:\/\/eys-workcamp.de\/en\/beitritt-foerderverein\/\" target=\"_blank\" rel=\"noopener\">Online membership application<\/a><\/p>\n<p>If you want to pay less than 12 Euro membership fee, there is the possibility of exceptions.<\/p>\n<p><strong><span style=\"color: #800080;\">Donations<\/span><\/strong><br \/>\nIf you would like to support us financially in our work, you can do so with a donation, which you can transfer to the following account:<br \/>\nF\u00f6rderverein der \u00d6kumenischen Jugenddienste (\u00d6JD) e.V.<br \/>\nBank f\u00fcr Kirche und Diakonie<br \/>\nIBAN: DE51 3506 0190 1500 184015<br \/>\nBIC: GENODED1DKD<\/p>\n<p><span style=\"color: #800080;\"><strong>Contact<\/strong><\/span><br \/>\nOffice of the &#8220;F\u00f6rderverein der \u00d6kumenischen Jugenddienste (\u00d6JD) e.V.:<br \/>\nAmt f\u00fcr kirchliche Dienste in der EKBO<br \/>\nGoethestr. 30<br \/>\n10625 Berlin<\/p>\n<p>E-Mail <a href=\"mailto:FEYS@posteo.de\">feys@posteo.de<\/a><\/p>\n","protected":false},"excerpt":{"rendered":"<p>Become a member of the Support Association of the Ecumenical Youth Services (EYS) e.V. In order to fulfill the demands of the Support Association, we want to gain many active members. If you would like to become a member or <a class=\"more-link\" href=\"https:\/\/eys-workcamp.de\/en\/feys-beitritt-und-kontakt\/\">weiterlesen&#8230;<\/a><\/p>\n","protected":false},"author":3,"featured_media":1516,"parent":0,"menu_order":0,"comment_status":"closed","ping_status":"closed","template":"","meta":{"footnotes":""},"class_list":["post-3769","page","type-page","status-publish","has-post-thumbnail","hentry"],"_links":{"self":[{"href":"https:\/\/eys-workcamp.de\/en\/wp-json\/wp\/v2\/pages\/3769"}],"collection":[{"href":"https:\/\/eys-workcamp.de\/en\/wp-json\/wp\/v2\/pages"}],"about":[{"href":"https:\/\/eys-workcamp.de\/en\/wp-json\/wp\/v2\/types\/page"}],"author":[{"embeddable":true,"href":"https:\/\/eys-workcamp.de\/en\/wp-json\/wp\/v2\/users\/3"}],"replies":[{"embeddable":true,"href":"https:\/\/eys-workcamp.de\/en\/wp-json\/wp\/v2\/comments?post=3769"}],"version-history":[{"count":48,"href":"https:\/\/eys-workcamp.de\/en\/wp-json\/wp\/v2\/pages\/3769\/revisions"}],"predecessor-version":[{"id":6880,"href":"https:\/\/eys-workcamp.de\/en\/wp-json\/wp\/v2\/pages\/3769\/revisions\/6880"}],"wp:featuredmedia":[{"embeddable":true,"href":"https:\/\/eys-workcamp.de\/en\/wp-json\/wp\/v2\/media\/1516"}],"wp:attachment":[{"href":"https:\/\/eys-workcamp.de\/en\/wp-json\/wp\/v2\/media?parent=3769"}],"curies":[{"name":"wp","href":"https:\/\/api.w.org\/{rel}","templated":true}]}}