{"id":4965,"date":"2022-01-31T15:12:14","date_gmt":"2022-01-31T14:12:14","guid":{"rendered":"https:\/\/eys-workcamp.de\/?page_id=4965"},"modified":"2026-01-14T14:41:00","modified_gmt":"2026-01-14T13:41:00","slug":"beitritt-foerderverein","status":"publish","type":"page","link":"https:\/\/eys-workcamp.de\/en\/beitritt-foerderverein\/","title":{"rendered":"Online application form for membership of the Support Association"},"content":{"rendered":"\n<div class=\"wpcf7 no-js\" id=\"wpcf7-f4989-o1\" lang=\"de-DE\" dir=\"ltr\" data-wpcf7-id=\"4989\">\n<div class=\"screen-reader-response\"><p role=\"status\" aria-live=\"polite\" aria-atomic=\"true\"><\/p> <ul><\/ul><\/div>\n<form action=\"\/en\/wp-json\/wp\/v2\/pages\/4965#wpcf7-f4989-o1\" method=\"post\" class=\"wpcf7-form init\" aria-label=\"Kontaktformular\" novalidate=\"novalidate\" data-status=\"init\">\n<div style=\"display: none;\">\n<input type=\"hidden\" name=\"_wpcf7\" value=\"4989\" \/>\n<input type=\"hidden\" name=\"_wpcf7_version\" value=\"6.0.5\" \/>\n<input type=\"hidden\" name=\"_wpcf7_locale\" value=\"de_DE\" \/>\n<input type=\"hidden\" name=\"_wpcf7_unit_tag\" value=\"wpcf7-f4989-o1\" \/>\n<input type=\"hidden\" name=\"_wpcf7_container_post\" value=\"0\" \/>\n<input type=\"hidden\" name=\"_wpcf7_posted_data_hash\" value=\"\" \/>\n<\/div>\n<p><b>F\u00f6rderverein der \u00d6kumenischen Jugenddienste (\u00d6JD) e.V.<\/b>\n<\/p>\n<p><u><b>Application for membership<\/b><\/u>\n<\/p>\n<p>I hereby apply for membership in the F\u00f6rderverein der \u00d6kumenischen Jugenddienste (\u00d6JD) e.V. starting from <span class=\"wpcf7-form-control-wrap\" data-name=\"date-21\"><input class=\"wpcf7-form-control wpcf7-date wpcf7-validates-as-required wpcf7-validates-as-date\" aria-required=\"true\" aria-invalid=\"false\" placeholder=\"Beitrittsdatum\" value=\"\" type=\"date\" name=\"date-21\" \/><\/span>\n<\/p>\n<p>I join <span class=\"wpcf7-form-control-wrap\" data-name=\"checkbox-697\"><span class=\"wpcf7-form-control wpcf7-checkbox wpcf7-validates-as-required wpcf7-exclusive-checkbox\"><span class=\"wpcf7-list-item first\"><input type=\"checkbox\" name=\"checkbox-697\" value=\"as a private person\" \/><span class=\"wpcf7-list-item-label\">as a private person<\/span><\/span><span class=\"wpcf7-list-item last\"><input type=\"checkbox\" name=\"checkbox-697\" value=\"as an association \/ organization\" \/><span class=\"wpcf7-list-item-label\">as an association \/ organization<\/span><\/span><\/span><\/span><span class=\"wpcf7-form-control-wrap\" data-name=\"name-verein\"><input size=\"40\" maxlength=\"400\" class=\"wpcf7-form-control wpcf7-text\" aria-invalid=\"false\" placeholder=\"(name of the association)\" value=\"\" type=\"text\" name=\"name-verein\" \/><\/span>\n<\/p>\n<div class=\"form_half\">\n\t<p><span class=\"wpcf7-form-control-wrap\" data-name=\"your-vorname\"><input size=\"40\" maxlength=\"400\" class=\"wpcf7-form-control wpcf7-text wpcf7-validates-as-required\" aria-required=\"true\" aria-invalid=\"false\" placeholder=\"First name*\" value=\"\" type=\"text\" name=\"your-vorname\" \/><\/span>\n\t<\/p>\n<\/div>\n<div class=\"form_half form_half_last\">\n\t<p><span class=\"wpcf7-form-control-wrap\" data-name=\"your-nachname\"><input size=\"40\" maxlength=\"400\" class=\"wpcf7-form-control wpcf7-text wpcf7-validates-as-required\" aria-required=\"true\" aria-invalid=\"false\" placeholder=\"Surename*\" value=\"\" type=\"text\" name=\"your-nachname\" \/><\/span>\n\t<\/p>\n<\/div>\n<p><br class=\"clear\" \/>\n<\/p>\n<div class=\"form_half form_half_last\">\n\t<p><span class=\"wpcf7-form-control-wrap\" data-name=\"your-birth\"><input size=\"40\" maxlength=\"400\" class=\"wpcf7-form-control wpcf7-text wpcf7-validates-as-required\" aria-required=\"true\" aria-invalid=\"false\" placeholder=\"Birthday*\" value=\"\" type=\"text\" name=\"your-birth\" \/><\/span>\n\t<\/p>\n<\/div>\n<div class=\"form_half form_half_last\">\n\t<p><span class=\"wpcf7-form-control-wrap\" data-name=\"your-email\"><input size=\"40\" maxlength=\"400\" class=\"wpcf7-form-control wpcf7-email wpcf7-validates-as-required wpcf7-text wpcf7-validates-as-email\" aria-required=\"true\" aria-invalid=\"false\" placeholder=\"Email address*\" value=\"\" type=\"email\" name=\"your-email\" \/><\/span>\n\t<\/p>\n<\/div>\n<p><br class=\"clear\" \/>\n<\/p>\n<div class=\"form_half form_half_last\">\n\t<p><span class=\"wpcf7-form-control-wrap\" data-name=\"your-strasse\"><input size=\"40\" maxlength=\"400\" class=\"wpcf7-form-control wpcf7-text wpcf7-validates-as-required\" aria-required=\"true\" aria-invalid=\"false\" placeholder=\"Street no.*\" value=\"\" type=\"text\" name=\"your-strasse\" \/><\/span>\n\t<\/p>\n<\/div>\n<div class=\"form_half\">\n\t<p><span class=\"wpcf7-form-control-wrap\" data-name=\"your-plz\"><input size=\"40\" maxlength=\"400\" class=\"wpcf7-form-control wpcf7-text wpcf7-validates-as-required\" aria-required=\"true\" aria-invalid=\"false\" placeholder=\"Zip code*\" value=\"\" type=\"text\" name=\"your-plz\" \/><\/span>\n\t<\/p>\n<\/div>\n<p><br class=\"clear\" \/>\n<\/p>\n<div class=\"form_half form_half_last\">\n\t<p><span class=\"wpcf7-form-control-wrap\" data-name=\"your-ort\"><input size=\"40\" maxlength=\"400\" class=\"wpcf7-form-control wpcf7-text wpcf7-validates-as-required\" aria-required=\"true\" aria-invalid=\"false\" placeholder=\"City*\" value=\"\" type=\"text\" name=\"your-ort\" \/><\/span>\n\t<\/p>\n<\/div>\n<p><br class=\"clear\" \/>\n<\/p>\n<div class=\"form_half\">\n\t<p><span class=\"wpcf7-form-control-wrap\" data-name=\"your-phone\"><input size=\"40\" maxlength=\"400\" class=\"wpcf7-form-control wpcf7-tel wpcf7-validates-as-required wpcf7-text wpcf7-validates-as-tel\" aria-required=\"true\" aria-invalid=\"false\" placeholder=\"Phone*\" value=\"\" type=\"tel\" name=\"your-phone\" \/><\/span>\n\t<\/p>\n<\/div>\n<p><br class=\"clear\" \/>\n<\/p>\n<p>The current membership fee for individuals is 12.00 to 240.00 Euro per calendar year,<br \/>\nfor associations 60.00 Euro per calendar year (or a higher amount chosen by yourself).\n<\/p>\n<p>I hereby commit myself to an annual membership fee in the following amount: <span class=\"wpcf7-form-control-wrap\" data-name=\"text-602\"><input size=\"5\" maxlength=\"400\" class=\"wpcf7-form-control wpcf7-text wpcf7-validates-as-required\" aria-required=\"true\" aria-invalid=\"false\" placeholder=\"Fee\" value=\"\" type=\"text\" name=\"text-602\" \/><\/span> Euro.<br \/>\nI transfer this contribution annually by March 31 * at the latest to the folloeing account:<br \/>\nReceiver: F\u00f6rderverein der \u00d6kumenischen Jugenddienste (\u00d6JD) e.V.<br \/>\nBank: KD-Bank<br \/>\nIBAN: DE 73 3506 0190 1500 184007<br \/>\nBIC: GENODED1DKD<br \/>\n* If I join the association later than March 31 of a year, I will transfer within four weeks after the given date of joining.<br \/>\nFor members joining after October 1 of a year, the fee for the year of joining is waived.\n<\/p>\n<p>By sending the membership form, I accept the statutes of the association. <a href='https:\/\/eys-workcamp.de\/wp-content\/uploads\/FEYS.Satzung.Aenderung.-20210518-1.pdf' target='_blank'>Statutes<\/a>.<br \/>\n(If you have not filled in and sent the application form, please send an e-mail to feys@posteo.de ) .\n<\/p>\n<p><span class=\"wpcf7-form-control-wrap\" data-name=\"your-ort_unterschrift\"><input size=\"10\" maxlength=\"400\" class=\"wpcf7-form-control wpcf7-text wpcf7-validates-as-required\" aria-required=\"true\" aria-invalid=\"false\" placeholder=\"Place*\" value=\"\" type=\"text\" name=\"your-ort_unterschrift\" \/><\/span><span class=\"wpcf7-form-control-wrap\" data-name=\"date-830\"><input class=\"wpcf7-form-control wpcf7-date wpcf7-validates-as-required wpcf7-validates-as-date\" aria-required=\"true\" aria-invalid=\"false\" placeholder=\"Date*\" value=\"\" type=\"date\" name=\"date-830\" \/><\/span>\n<\/p>\n<p><span class=\"wpcf7-form-control-wrap\" data-name=\"checkbox-476\"><span class=\"wpcf7-form-control wpcf7-checkbox wpcf7-validates-as-required wpcf7-exclusive-checkbox\"><span class=\"wpcf7-list-item first last\"><input type=\"checkbox\" name=\"checkbox-476\" value=\"Yes\" \/><span class=\"wpcf7-list-item-label\">Yes<\/span><\/span><\/span><\/span>, to the <a href='https:\/\/eys-workcamp.de\/en\/datenschutz\/' target='_blank'>Privacy policy*<\/a>\n<\/p>\n<p>I agree that I may receive information, invitations and event notices from the association at the e-mail address I have previously provided. (optional)<br \/>\n<span class=\"wpcf7-form-control-wrap\" data-name=\"checkbox-477\"><span class=\"wpcf7-form-control wpcf7-checkbox wpcf7-exclusive-checkbox\"><span class=\"wpcf7-list-item first\"><input type=\"checkbox\" name=\"checkbox-477\" value=\"Yes\" \/><span class=\"wpcf7-list-item-label\">Yes<\/span><\/span><span class=\"wpcf7-list-item last\"><input type=\"checkbox\" name=\"checkbox-477\" value=\"No\" \/><span class=\"wpcf7-list-item-label\">No<\/span><\/span><\/span><\/span>\n<\/p>\n<p>Enter this security code:<br \/>\n<input type=\"hidden\" name=\"_wpcf7_captcha_challenge_captcha-778\" value=\"2329451257\" \/><img loading=\"lazy\" decoding=\"async\" class=\"wpcf7-form-control wpcf7-captchac wpcf7-captcha-captcha-778\" width=\"84\" height=\"28\" alt=\"captcha\" src=\"https:\/\/eys-workcamp.de\/wp-content\/uploads\/wpcf7_captcha\/2329451257.png\" \/><br \/>\n<span class=\"wpcf7-form-control-wrap\" data-name=\"captcha-778\"><input size=\"4\" maxlength=\"4\" class=\"wpcf7-form-control wpcf7-captchar\" autocomplete=\"off\" aria-invalid=\"false\" placeholder=\"Sicherheitscode*\" value=\"\" type=\"text\" name=\"captcha-778\" \/><\/span>\n<\/p>\n<p><input class=\"wpcf7-form-control wpcf7-submit has-spinner\" type=\"submit\" value=\"Submit\" \/>\n<\/p><div class=\"wpcf7-response-output\" aria-hidden=\"true\"><\/div>\n<\/form>\n<\/div>\n\n","protected":false},"excerpt":{"rendered":"","protected":false},"author":3,"featured_media":7377,"parent":0,"menu_order":0,"comment_status":"closed","ping_status":"closed","template":"","meta":{"footnotes":""},"class_list":["post-4965","page","type-page","status-publish","has-post-thumbnail","hentry"],"_links":{"self":[{"href":"https:\/\/eys-workcamp.de\/en\/wp-json\/wp\/v2\/pages\/4965"}],"collection":[{"href":"https:\/\/eys-workcamp.de\/en\/wp-json\/wp\/v2\/pages"}],"about":[{"href":"https:\/\/eys-workcamp.de\/en\/wp-json\/wp\/v2\/types\/page"}],"author":[{"embeddable":true,"href":"https:\/\/eys-workcamp.de\/en\/wp-json\/wp\/v2\/users\/3"}],"replies":[{"embeddable":true,"href":"https:\/\/eys-workcamp.de\/en\/wp-json\/wp\/v2\/comments?post=4965"}],"version-history":[{"count":5,"href":"https:\/\/eys-workcamp.de\/en\/wp-json\/wp\/v2\/pages\/4965\/revisions"}],"predecessor-version":[{"id":6063,"href":"https:\/\/eys-workcamp.de\/en\/wp-json\/wp\/v2\/pages\/4965\/revisions\/6063"}],"wp:featuredmedia":[{"embeddable":true,"href":"https:\/\/eys-workcamp.de\/en\/wp-json\/wp\/v2\/media\/7377"}],"wp:attachment":[{"href":"https:\/\/eys-workcamp.de\/en\/wp-json\/wp\/v2\/media?parent=4965"}],"curies":[{"name":"wp","href":"https:\/\/api.w.org\/{rel}","templated":true}]}}