{"id":513,"date":"2016-03-24T12:02:35","date_gmt":"2016-03-24T11:02:35","guid":{"rendered":"http:\/\/eys-workcamp.de\/?page_id=513"},"modified":"2025-11-13T11:53:16","modified_gmt":"2025-11-13T10:53:16","slug":"berliner-freiwilligenpass","status":"publish","type":"page","link":"https:\/\/eys-workcamp.de\/en\/ehrenamtliche-gesucht\/berliner-freiwilligenpass\/","title":{"rendered":"Berlin Volunteer Pass"},"content":{"rendered":"<p>The idea for a FreiwilligenPass Berlin came from the Berlin civil society and was realised in a working group with representatives of the Senate Chancellery Berlin and the Senate Administration for Health, Social Affairs and Consumer Protection with numerous volunteers and full-time staff from associations and federations.<\/p>\n<p>The passport contains a proof of voluntary civic and honorary commitment and a certificate of participation in special training and further education measures.<\/p>\n<p>In the FreiwilligenPass Berlin, the State of Berlin and the Ecumenical Youth Services (Protestant Youth) express that voluntary civic and voluntary commitment is seen as an essential prerequisite for the security of our democratic society. Citizens who volunteer for others make an important contribution to the social community and to solidarity.<\/p>\n<p>Voluntary work provides the opportunity to acquire basic skills, which are also considered key qualifications for professional activities and further education.<\/p>\n<p><span style=\"font-size: 1.5rem;\"><a href=\"https:\/\/eys-workcamp.de\/wp-content\/uploads\/Musterwoman-Aster.pdf\" target=\"_blank\" rel=\"noopener\">This is what the Berlin Volunteer Pass looks like!<\/a><\/span><\/p>\n<p><strong><span style=\"color: #ff0000;\">Who of EYS received the Berlin Volunteer Pass since 2006?<\/span><\/strong><\/p>\n<p><span style=\"color: #ff0000;\"><strong>2023<\/strong><\/span><br \/>\nM\u00e1t\u00e9 Dolhai<br \/>\nAlejandro Anton Guti\u00e9rrez<br \/>\nNadine Krings<br \/>\nM\u00e1ty\u00e1s M\u00e9sz\u00e1ros<br \/>\nLili Mester<br \/>\nMartin Mittrenga<br \/>\nB\u00e1lint N\u00e1tr\u00e1n<\/p>\n<p><strong><span style=\"color: #ff0000;\">2020<\/span><\/strong><br \/>\nZsofia Pap<\/p>\n<p><strong><span style=\"color: #ff0000;\">2019<\/span><\/strong><br \/>\nBarnab\u00e1s Ol\u00e1h<br \/>\nDorothea Pappe<br \/>\nAliz Szekeres<br \/>\nZsolt Bence Veidinger<\/p>\n<p><strong><span class=\"txtb\" style=\"color: #ff0000;\">2018<br \/>\n<\/span><\/strong><span class=\"txtb\" style=\"color: #333333;\">Milica Samac<\/span><\/p>\n<p><strong><span class=\"txtb\" style=\"color: #ff0000;\">2017<br \/>\n<\/span><\/strong><span class=\"txtb\" style=\"color: #333333;\">Monika\u00a0Ga\u00e1lov\u00e1<br \/>\nNikolai\u00a0Ialovega<br \/>\nEvita\u00a0Lo\u010dmele<\/span><\/p>\n<p><strong><span class=\"txtb\" style=\"color: #ff0000;\">2016<br \/>\n<\/span><\/strong><span class=\"txtb\" style=\"color: #ff0000;\"><span style=\"color: #333333;\">Lisa Maria Wodinsky<\/span><br \/>\n<span style=\"color: #333333;\">Michal Navr\u00e1til<\/span><br \/>\n<span style=\"color: #333333;\">Zsolt Maschek<\/span><br \/>\n<\/span><\/p>\n<p><strong><span class=\"txtb\" style=\"color: #ff0000;\">2015<br \/>\n<\/span><\/strong>Lisa-Maria Kohn<br \/>\nCelest\u00fdna Houdkov\u00e1<br \/>\nMonika Miszczuk<\/p>\n<div class=\"txt\"><strong><span class=\"txtb\" style=\"color: #ff0000;\">2014<\/span><\/strong><br \/>\nAnn-Kristin Willner<br \/>\nAnna-Theresa Jatzke<br \/>\nClemens Klante<br \/>\nMaciej Szczesny<br \/>\nJ\u00e1n Haluska<br \/>\nElzbieta Pawlas<br \/>\nHennie Gariseb<br \/>\nCarmen Fritz<\/div>\n<div class=\"txt\"><strong><span class=\"txtb\" style=\"color: #ff0000;\"><br \/>\n2013<\/span><\/strong><br \/>\nElisabeth Engelhardt<br \/>\nEllen Reinert<br \/>\nFreya Kr\u00f6ger<\/div>\n<div><\/div>\n<div><span style=\"color: #ff0000;\"><strong>2012<\/strong><\/span><\/div>\n<div class=\"txt\">Dorothea Engelhardt<br \/>\nAstrid Zepezauer<br \/>\nNina Thebud<br \/>\nJulia Gl\u00fcck<br \/>\nPaula Koch<br \/>\nMarcin Szczesny<\/div>\n<div class=\"txt\"><strong><span class=\"txtb\" style=\"color: #ff0000;\"><br \/>\n2011<\/span><\/strong><br \/>\nSonja Graf<\/div>\n<div class=\"txt\"><strong><span class=\"txtb\" style=\"color: #ff0000;\"><br \/>\n2010<\/span><\/strong><br \/>\nMaren Esdar<br \/>\nLuise Kuhnt<\/div>\n<div class=\"txt\"><strong><span class=\"txtb\" style=\"color: #ff0000;\"><br \/>\n2009<\/span><\/strong><br \/>\nMartin H\u00e4rtel<br \/>\nAlexander Gnauck<br \/>\nMaria Oertel<br \/>\nLuise Braun<br \/>\nDebora Janson<br \/>\nHeike Epping<br \/>\nGabriel Babal<br \/>\nFrauke Th\u00f6rner<br \/>\nMarta Borkowska<\/div>\n<div class=\"txt\"><strong><span class=\"txtb\" style=\"color: #ff0000;\"><br \/>\n2008<\/span><\/strong><br \/>\nFriederike Danz<br \/>\nStepanka Sobeslavska<br \/>\nCarolina K\u00f6nitzer<br \/>\nLena Th\u00f6rner<br \/>\nDorina Wittor<\/div>\n<div class=\"txt\"><strong><span class=\"txtb\" style=\"color: #ff0000;\"><br \/>\n2006<\/span><\/strong><br \/>\nThomas Gelzh\u00e4user<br \/>\nElizsa Grala<br \/>\nGeorg L\u00f6hr<br \/>\nChristian Bitterlich<br \/>\nMario Lorenz<br \/>\nKerstin Neubert<br \/>\nMohammed Portuondo Alvarez<\/div>\n","protected":false},"excerpt":{"rendered":"<p>The idea for a FreiwilligenPass Berlin came from the Berlin civil society and was realised in a working group with representatives of the Senate Chancellery Berlin and the Senate Administration for Health, Social Affairs and Consumer Protection with numerous volunteers <a class=\"more-link\" href=\"https:\/\/eys-workcamp.de\/en\/ehrenamtliche-gesucht\/berliner-freiwilligenpass\/\">weiterlesen&#8230;<\/a><\/p>\n","protected":false},"author":4,"featured_media":2317,"parent":120,"menu_order":0,"comment_status":"closed","ping_status":"closed","template":"","meta":{"footnotes":""},"class_list":["post-513","page","type-page","status-publish","has-post-thumbnail","hentry"],"_links":{"self":[{"href":"https:\/\/eys-workcamp.de\/en\/wp-json\/wp\/v2\/pages\/513"}],"collection":[{"href":"https:\/\/eys-workcamp.de\/en\/wp-json\/wp\/v2\/pages"}],"about":[{"href":"https:\/\/eys-workcamp.de\/en\/wp-json\/wp\/v2\/types\/page"}],"author":[{"embeddable":true,"href":"https:\/\/eys-workcamp.de\/en\/wp-json\/wp\/v2\/users\/4"}],"replies":[{"embeddable":true,"href":"https:\/\/eys-workcamp.de\/en\/wp-json\/wp\/v2\/comments?post=513"}],"version-history":[{"count":31,"href":"https:\/\/eys-workcamp.de\/en\/wp-json\/wp\/v2\/pages\/513\/revisions"}],"predecessor-version":[{"id":7240,"href":"https:\/\/eys-workcamp.de\/en\/wp-json\/wp\/v2\/pages\/513\/revisions\/7240"}],"up":[{"embeddable":true,"href":"https:\/\/eys-workcamp.de\/en\/wp-json\/wp\/v2\/pages\/120"}],"wp:featuredmedia":[{"embeddable":true,"href":"https:\/\/eys-workcamp.de\/en\/wp-json\/wp\/v2\/media\/2317"}],"wp:attachment":[{"href":"https:\/\/eys-workcamp.de\/en\/wp-json\/wp\/v2\/media?parent=513"}],"curies":[{"name":"wp","href":"https:\/\/api.w.org\/{rel}","templated":true}]}}