{"id":70,"date":"2016-03-13T21:29:45","date_gmt":"2016-03-13T20:29:45","guid":{"rendered":"http:\/\/eys-workcamp.de\/?page_id=70"},"modified":"2026-03-19T15:07:25","modified_gmt":"2026-03-19T14:07:25","slug":"kontakt","status":"publish","type":"page","link":"https:\/\/eys-workcamp.de\/en\/kontakt\/","title":{"rendered":"Contact"},"content":{"rendered":"<p><span style=\"color: #ff0000;\"><strong>Ecumenical Youth Services (EYS)<\/strong><\/span><br \/>\nKarolin Minkner, International Youth Exchange Officer<br \/>\nMobil <span class=\"p-mobil\" title=\"Mobil\">+49-(0)151 210 630 26<\/span><br \/>\nE-Mail\u00a0<a href=\"mailto:k.minkner@akd-ekbo.de\" target=\"_blank\" rel=\"noopener\">k.minkner@akd-ekbo.de<\/a><\/p>\n<p>Lena Th\u00f6rner, Staff member of Ecumenical Youth Services<br \/>\nE-Mail <a href=\"mailto:l.thoerner@akd-ekbo.de\" target=\"_blank\" rel=\"noopener\">l.thoerner@akd-ekbo.de<\/a><\/p>\n<p>Martina Janotkov\u00e1, ESC Volunteer<br \/>\nE-Mail <a href=\"mailto:eys_volunteer@akd-ekbo.de\" target=\"_blank\" rel=\"noopener\">eys_volunteer@akd-ekbo.de<\/a><\/p>\n<p><span style=\"color: #ff0000;\"><strong>Postal Address<\/strong><\/span><br \/>\n\u00d6kumenische Jugenddienste\/Ecumenical Youth Services (EYS)<br \/>\nAmt f\u00fcr kirchliche Dienste<br \/>\nGoethestra\u00dfe 30<br \/>\n10625 Berlin<br \/>\nGermany<\/p>\n","protected":false},"excerpt":{"rendered":"<p>Ecumenical Youth Services (EYS) Karolin Minkner, International Youth Exchange Officer Mobil +49-(0)151 210 630 26 E-Mail\u00a0k.minkner@akd-ekbo.de Lena Th\u00f6rner, Staff member of Ecumenical Youth Services E-Mail l.thoerner@akd-ekbo.de Martina Janotkov\u00e1, ESC Volunteer E-Mail eys_volunteer@akd-ekbo.de Postal Address \u00d6kumenische Jugenddienste\/Ecumenical Youth Services (EYS) Amt <a class=\"more-link\" href=\"https:\/\/eys-workcamp.de\/en\/kontakt\/\">weiterlesen&#8230;<\/a><\/p>\n","protected":false},"author":4,"featured_media":2812,"parent":0,"menu_order":0,"comment_status":"closed","ping_status":"closed","template":"","meta":{"footnotes":""},"class_list":["post-70","page","type-page","status-publish","has-post-thumbnail","hentry"],"_links":{"self":[{"href":"https:\/\/eys-workcamp.de\/en\/wp-json\/wp\/v2\/pages\/70"}],"collection":[{"href":"https:\/\/eys-workcamp.de\/en\/wp-json\/wp\/v2\/pages"}],"about":[{"href":"https:\/\/eys-workcamp.de\/en\/wp-json\/wp\/v2\/types\/page"}],"author":[{"embeddable":true,"href":"https:\/\/eys-workcamp.de\/en\/wp-json\/wp\/v2\/users\/4"}],"replies":[{"embeddable":true,"href":"https:\/\/eys-workcamp.de\/en\/wp-json\/wp\/v2\/comments?post=70"}],"version-history":[{"count":39,"href":"https:\/\/eys-workcamp.de\/en\/wp-json\/wp\/v2\/pages\/70\/revisions"}],"predecessor-version":[{"id":7530,"href":"https:\/\/eys-workcamp.de\/en\/wp-json\/wp\/v2\/pages\/70\/revisions\/7530"}],"wp:featuredmedia":[{"embeddable":true,"href":"https:\/\/eys-workcamp.de\/en\/wp-json\/wp\/v2\/media\/2812"}],"wp:attachment":[{"href":"https:\/\/eys-workcamp.de\/en\/wp-json\/wp\/v2\/media?parent=70"}],"curies":[{"name":"wp","href":"https:\/\/api.w.org\/{rel}","templated":true}]}}